{"id":2,"date":"2019-01-22T17:49:22","date_gmt":"2019-01-22T16:49:22","guid":{"rendered":"http:\/\/virgulophile.fr\/?page_id=2"},"modified":"2019-05-16T17:34:11","modified_gmt":"2019-05-16T15:34:11","slug":"page-d-exemple","status":"publish","type":"page","link":"https:\/\/virgulophile.fr\/?page_id=2","title":{"rendered":"Tarifs"},"content":{"rendered":"\n<p>Virgulophile vous propose diff\u00e9rentes formules, selon vos besoins. D\u00e9couvrez nos offres pour <a href=\"http:\/\/virgulophile.fr\/?page_id=87\">particuliers<\/a>, <a href=\"http:\/\/virgulophile.fr\/?page_id=84\">entreprises<\/a> et <a href=\"http:\/\/virgulophile.fr\/?page_id=89\">\u00e9tudiants<\/a>.<br><br><br><\/p>\n","protected":false},"excerpt":{"rendered":"<p>Virgulophile vous propose diff\u00e9rentes formules, selon vos besoins. D\u00e9couvrez nos offres pour particuliers, entreprises et \u00e9tudiants.<\/p>\n","protected":false},"author":1,"featured_media":0,"parent":0,"menu_order":0,"comment_status":"closed","ping_status":"open","template":"","meta":{"footnotes":""},"yoast_head":"<!-- This site is optimized with the Yoast SEO plugin v14.4.1 - https:\/\/yoast.com\/wordpress\/plugins\/seo\/ -->\n<title>Tarifs -<\/title>\n<meta name=\"robots\" content=\"index, follow\" \/>\n<meta name=\"googlebot\" content=\"index, follow, max-snippet:-1, max-image-preview:large, max-video-preview:-1\" \/>\n<meta name=\"bingbot\" content=\"index, follow, max-snippet:-1, max-image-preview:large, max-video-preview:-1\" \/>\n<link rel=\"canonical\" href=\"http:\/\/virgulophile.fr\/?page_id=2\" \/>\n<meta property=\"og:locale\" content=\"fr_FR\" \/>\n<meta property=\"og:type\" content=\"article\" \/>\n<meta property=\"og:title\" content=\"Tarifs -\" \/>\n<meta property=\"og:description\" content=\"Virgulophile vous propose diff\u00e9rentes formules, selon vos besoins. D\u00e9couvrez nos offres pour particuliers, entreprises et \u00e9tudiants.\" \/>\n<meta property=\"og:url\" content=\"http:\/\/virgulophile.fr\/?page_id=2\" \/>\n<meta property=\"article:modified_time\" content=\"2019-05-16T15:34:11+00:00\" \/>\n<meta name=\"twitter:card\" content=\"summary_large_image\" \/>\n<script type=\"application\/ld+json\" class=\"yoast-schema-graph\">{\"@context\":\"https:\/\/schema.org\",\"@graph\":[{\"@type\":\"WebSite\",\"@id\":\"https:\/\/virgulophile.fr\/#website\",\"url\":\"https:\/\/virgulophile.fr\/\",\"name\":\"\",\"description\":\"Relecture et correction\",\"potentialAction\":[{\"@type\":\"SearchAction\",\"target\":\"https:\/\/virgulophile.fr\/?s={search_term_string}\",\"query-input\":\"required name=search_term_string\"}],\"inLanguage\":\"fr-FR\"},{\"@type\":\"WebPage\",\"@id\":\"http:\/\/virgulophile.fr\/?page_id=2#webpage\",\"url\":\"http:\/\/virgulophile.fr\/?page_id=2\",\"name\":\"Tarifs -\",\"isPartOf\":{\"@id\":\"https:\/\/virgulophile.fr\/#website\"},\"datePublished\":\"2019-01-22T16:49:22+00:00\",\"dateModified\":\"2019-05-16T15:34:11+00:00\",\"inLanguage\":\"fr-FR\",\"potentialAction\":[{\"@type\":\"ReadAction\",\"target\":[\"http:\/\/virgulophile.fr\/?page_id=2\"]}]}]}<\/script>\n<!-- \/ Yoast SEO plugin. -->","_links":{"self":[{"href":"https:\/\/virgulophile.fr\/index.php?rest_route=\/wp\/v2\/pages\/2"}],"collection":[{"href":"https:\/\/virgulophile.fr\/index.php?rest_route=\/wp\/v2\/pages"}],"about":[{"href":"https:\/\/virgulophile.fr\/index.php?rest_route=\/wp\/v2\/types\/page"}],"author":[{"embeddable":true,"href":"https:\/\/virgulophile.fr\/index.php?rest_route=\/wp\/v2\/users\/1"}],"replies":[{"embeddable":true,"href":"https:\/\/virgulophile.fr\/index.php?rest_route=%2Fwp%2Fv2%2Fcomments&post=2"}],"version-history":[{"count":12,"href":"https:\/\/virgulophile.fr\/index.php?rest_route=\/wp\/v2\/pages\/2\/revisions"}],"predecessor-version":[{"id":1120,"href":"https:\/\/virgulophile.fr\/index.php?rest_route=\/wp\/v2\/pages\/2\/revisions\/1120"}],"wp:attachment":[{"href":"https:\/\/virgulophile.fr\/index.php?rest_route=%2Fwp%2Fv2%2Fmedia&parent=2"}],"curies":[{"name":"wp","href":"https:\/\/api.w.org\/{rel}","templated":true}]}}