{"id":47,"date":"2019-01-24T10:12:31","date_gmt":"2019-01-24T09:12:31","guid":{"rendered":"http:\/\/virgulophile.fr\/?page_id=47"},"modified":"2019-05-12T01:35:07","modified_gmt":"2019-05-11T23:35:07","slug":"a-propos-de","status":"publish","type":"page","link":"https:\/\/virgulophile.fr\/?page_id=47","title":{"rendered":"Mieux conna\u00eetre Virgulophile"},"content":{"rendered":"\n<p class=\"has-text-color has-background has-white-color has-background-color-background-color\"><strong>Qui suis-je ? <\/strong><br>Passionn\u00e9e par le fran\u00e7ais et ses subtilit\u00e9s depuis des ann\u00e9es, apr\u00e8s avoir corrig\u00e9 plusieurs th\u00e8ses, publi\u00e9 des nouvelles et particip\u00e9 \u00e0 de nombreuses dict\u00e9es, j&#8217;ai d\u00e9cid\u00e9 de cr\u00e9er Virgulophile. Titulaire du Certificat Voltaire <img loading=\"lazy\" decoding=\"async\" width=\"25\" height=\"25\" class=\"wp-image-137\" style=\"width: 25px;\" src=\"http:\/\/virgulophile.fr\/wp-content\/uploads\/2019\/03\/logo_cv.png\" alt=\"\"> (953) , je travaille encore de mani\u00e8re ponctuelle pour un hebdomadaire r\u00e9gional, et ai relu et corrig\u00e9 divers ouvrages (roman, ouvrages documentaires, etc.) <br><br><br><strong>Qu&#8217;est-ce que\u00a0Virgulophile ? <\/strong><br>Un service de relecture et de correction, qui s&#8217;adresse autant aux entreprises qu&#8217;aux particuliers, et dont le ma\u00eetre-mot est l&#8217;adaptation. Virgulophile propose des services adapt\u00e9s aux besoins de chaque client, et un accompagnement personnalis\u00e9, notamment pour les travaux sur le long terme, tels que les travaux universitaires. Virgulophile accompagne ses clients, quelle que soit l&#8217;avanc\u00e9e de leur travail, jusqu&#8217;\u00e0 son aboutissement. Vous b\u00e9n\u00e9ficiez d&#8217;une correction, mais \u00e9galement des conseils ext\u00e9rieurs d&#8217;une personne r\u00e9ellement investie dans votre travail. <br><br><br><strong>Pourquoi &#8220;Virgulophile&#8221; ? <\/strong><br>Bonne question. Pourquoi pas, apr\u00e8s tout ?<\/p>\n","protected":false},"excerpt":{"rendered":"<p>Qui suis-je ? Passionn\u00e9e par le fran\u00e7ais et ses subtilit\u00e9s depuis des ann\u00e9es, apr\u00e8s avoir corrig\u00e9 plusieurs th\u00e8ses, publi\u00e9 des nouvelles et particip\u00e9 \u00e0 de nombreuses dict\u00e9es, j&#8217;ai d\u00e9cid\u00e9 de cr\u00e9er Virgulophile. Titulaire du Certificat Voltaire (953) , je travaille encore de mani\u00e8re ponctuelle pour un hebdomadaire r\u00e9gional, et ai [&hellip;]<\/p>\n","protected":false},"author":1,"featured_media":0,"parent":0,"menu_order":0,"comment_status":"closed","ping_status":"closed","template":"","meta":{"footnotes":""},"yoast_head":"<!-- This site is optimized with the Yoast SEO plugin v14.4.1 - https:\/\/yoast.com\/wordpress\/plugins\/seo\/ -->\n<title>Mieux conna\u00eetre Virgulophile -<\/title>\n<meta name=\"robots\" content=\"index, follow\" \/>\n<meta name=\"googlebot\" content=\"index, follow, max-snippet:-1, max-image-preview:large, max-video-preview:-1\" \/>\n<meta name=\"bingbot\" content=\"index, follow, max-snippet:-1, max-image-preview:large, max-video-preview:-1\" \/>\n<link rel=\"canonical\" href=\"http:\/\/virgulophile.fr\/?page_id=47\" \/>\n<meta property=\"og:locale\" content=\"fr_FR\" \/>\n<meta property=\"og:type\" content=\"article\" \/>\n<meta property=\"og:title\" content=\"Mieux conna\u00eetre Virgulophile -\" \/>\n<meta property=\"og:description\" content=\"Qui suis-je ? Passionn\u00e9e par le fran\u00e7ais et ses subtilit\u00e9s depuis des ann\u00e9es, apr\u00e8s avoir corrig\u00e9 plusieurs th\u00e8ses, publi\u00e9 des nouvelles et particip\u00e9 \u00e0 de nombreuses dict\u00e9es, j&#8217;ai d\u00e9cid\u00e9 de cr\u00e9er Virgulophile. Titulaire du Certificat Voltaire (953) , je travaille encore de mani\u00e8re ponctuelle pour un hebdomadaire r\u00e9gional, et ai [&hellip;]\" \/>\n<meta property=\"og:url\" content=\"http:\/\/virgulophile.fr\/?page_id=47\" \/>\n<meta property=\"article:modified_time\" content=\"2019-05-11T23:35:07+00:00\" \/>\n<meta property=\"og:image\" content=\"http:\/\/virgulophile.fr\/wp-content\/uploads\/2019\/03\/logo_cv.png\" \/>\n<meta name=\"twitter:card\" content=\"summary_large_image\" \/>\n<script type=\"application\/ld+json\" class=\"yoast-schema-graph\">{\"@context\":\"https:\/\/schema.org\",\"@graph\":[{\"@type\":\"WebSite\",\"@id\":\"https:\/\/virgulophile.fr\/#website\",\"url\":\"https:\/\/virgulophile.fr\/\",\"name\":\"\",\"description\":\"Relecture et correction\",\"potentialAction\":[{\"@type\":\"SearchAction\",\"target\":\"https:\/\/virgulophile.fr\/?s={search_term_string}\",\"query-input\":\"required name=search_term_string\"}],\"inLanguage\":\"fr-FR\"},{\"@type\":\"ImageObject\",\"@id\":\"http:\/\/virgulophile.fr\/?page_id=47#primaryimage\",\"inLanguage\":\"fr-FR\",\"url\":\"http:\/\/virgulophile.fr\/wp-content\/uploads\/2019\/03\/logo_cv.png\"},{\"@type\":\"WebPage\",\"@id\":\"http:\/\/virgulophile.fr\/?page_id=47#webpage\",\"url\":\"http:\/\/virgulophile.fr\/?page_id=47\",\"name\":\"Mieux conna\\u00eetre Virgulophile -\",\"isPartOf\":{\"@id\":\"https:\/\/virgulophile.fr\/#website\"},\"primaryImageOfPage\":{\"@id\":\"http:\/\/virgulophile.fr\/?page_id=47#primaryimage\"},\"datePublished\":\"2019-01-24T09:12:31+00:00\",\"dateModified\":\"2019-05-11T23:35:07+00:00\",\"inLanguage\":\"fr-FR\",\"potentialAction\":[{\"@type\":\"ReadAction\",\"target\":[\"http:\/\/virgulophile.fr\/?page_id=47\"]}]}]}<\/script>\n<!-- \/ Yoast SEO plugin. -->","_links":{"self":[{"href":"https:\/\/virgulophile.fr\/index.php?rest_route=\/wp\/v2\/pages\/47"}],"collection":[{"href":"https:\/\/virgulophile.fr\/index.php?rest_route=\/wp\/v2\/pages"}],"about":[{"href":"https:\/\/virgulophile.fr\/index.php?rest_route=\/wp\/v2\/types\/page"}],"author":[{"embeddable":true,"href":"https:\/\/virgulophile.fr\/index.php?rest_route=\/wp\/v2\/users\/1"}],"replies":[{"embeddable":true,"href":"https:\/\/virgulophile.fr\/index.php?rest_route=%2Fwp%2Fv2%2Fcomments&post=47"}],"version-history":[{"count":9,"href":"https:\/\/virgulophile.fr\/index.php?rest_route=\/wp\/v2\/pages\/47\/revisions"}],"predecessor-version":[{"id":701,"href":"https:\/\/virgulophile.fr\/index.php?rest_route=\/wp\/v2\/pages\/47\/revisions\/701"}],"wp:attachment":[{"href":"https:\/\/virgulophile.fr\/index.php?rest_route=%2Fwp%2Fv2%2Fmedia&parent=47"}],"curies":[{"name":"wp","href":"https:\/\/api.w.org\/{rel}","templated":true}]}}