{"id":49,"date":"2019-01-24T10:12:31","date_gmt":"2019-01-24T09:12:31","guid":{"rendered":"http:\/\/virgulophile.fr\/?page_id=49"},"modified":"2019-05-12T01:29:15","modified_gmt":"2019-05-11T23:29:15","slug":"contact","status":"publish","type":"page","link":"https:\/\/virgulophile.fr\/?page_id=49","title":{"rendered":"Contact"},"content":{"rendered":"\n<p class=\"has-text-color has-background has-white-color has-background-color-background-color\">Par mail : contact@virgulophile.fr<br>Par t\u00e9l\u00e9phone (appel ou SMS) : 07 69 38 69 22<br><\/p>\n\n\n\n<p style=\"font-size:15px\" class=\"has-text-color has-background has-white-color has-background-color-background-color\"><span style=\"text-decoration: underline;\">Horaires : <\/span><br>Lundi : 9h-12h   14h-19h<br>Mardi : 9h-12h    14h-19h<br>Mercredi : 9h-12h    14h-19h<br>Jeudi : 9h-12h   14h-19h<br>Vendredi : 9h-12h    14h-19h<br>Samedi : 9h-12h<\/p>\n\n\n\n<p class=\"has-text-color has-background has-small-font-size has-white-color has-background-color-background-color\">Judika\u00eblle Kervella<br>2A r\u00e9sidence des demoiselles Simon<br>50800 Villedieu-les-Po\u00eales<br>Siren : 844 992 560 00012<\/p>\n","protected":false},"excerpt":{"rendered":"<p>Par mail : contact@virgulophile.frPar t\u00e9l\u00e9phone (appel ou SMS) : 07 69 38 69 22 Horaires : Lundi : 9h-12h 14h-19hMardi : 9h-12h 14h-19hMercredi : 9h-12h 14h-19hJeudi : 9h-12h 14h-19hVendredi : 9h-12h 14h-19hSamedi : 9h-12h Judika\u00eblle Kervella2A r\u00e9sidence des demoiselles Simon50800 Villedieu-les-Po\u00ealesSiren : 844 992 560 00012<\/p>\n","protected":false},"author":1,"featured_media":131,"parent":0,"menu_order":0,"comment_status":"closed","ping_status":"closed","template":"","meta":{"footnotes":""},"yoast_head":"<!-- This site is optimized with the Yoast SEO plugin v14.4.1 - https:\/\/yoast.com\/wordpress\/plugins\/seo\/ -->\n<title>Contact -<\/title>\n<meta name=\"robots\" content=\"index, follow\" \/>\n<meta name=\"googlebot\" content=\"index, follow, max-snippet:-1, max-image-preview:large, max-video-preview:-1\" \/>\n<meta name=\"bingbot\" content=\"index, follow, max-snippet:-1, max-image-preview:large, max-video-preview:-1\" \/>\n<link rel=\"canonical\" href=\"http:\/\/virgulophile.fr\/?page_id=49\" \/>\n<meta property=\"og:locale\" content=\"fr_FR\" \/>\n<meta property=\"og:type\" content=\"article\" \/>\n<meta property=\"og:title\" content=\"Contact -\" \/>\n<meta property=\"og:description\" content=\"Par mail : contact@virgulophile.frPar t\u00e9l\u00e9phone (appel ou SMS) : 07 69 38 69 22 Horaires : Lundi : 9h-12h 14h-19hMardi : 9h-12h 14h-19hMercredi : 9h-12h 14h-19hJeudi : 9h-12h 14h-19hVendredi : 9h-12h 14h-19hSamedi : 9h-12h Judika\u00eblle Kervella2A r\u00e9sidence des demoiselles Simon50800 Villedieu-les-Po\u00ealesSiren : 844 992 560 00012\" \/>\n<meta property=\"og:url\" content=\"http:\/\/virgulophile.fr\/?page_id=49\" \/>\n<meta property=\"article:modified_time\" content=\"2019-05-11T23:29:15+00:00\" \/>\n<meta property=\"og:image\" content=\"https:\/\/virgulophile.fr\/wp-content\/uploads\/2019\/01\/pawel-czerwinski-784154-unsplash-1024x683.jpg\" \/>\n\t<meta property=\"og:image:width\" content=\"1024\" \/>\n\t<meta property=\"og:image:height\" content=\"683\" \/>\n<meta name=\"twitter:card\" content=\"summary_large_image\" \/>\n<script type=\"application\/ld+json\" class=\"yoast-schema-graph\">{\"@context\":\"https:\/\/schema.org\",\"@graph\":[{\"@type\":\"WebSite\",\"@id\":\"https:\/\/virgulophile.fr\/#website\",\"url\":\"https:\/\/virgulophile.fr\/\",\"name\":\"\",\"description\":\"Relecture et correction\",\"potentialAction\":[{\"@type\":\"SearchAction\",\"target\":\"https:\/\/virgulophile.fr\/?s={search_term_string}\",\"query-input\":\"required name=search_term_string\"}],\"inLanguage\":\"fr-FR\"},{\"@type\":\"ImageObject\",\"@id\":\"http:\/\/virgulophile.fr\/?page_id=49#primaryimage\",\"inLanguage\":\"fr-FR\",\"url\":\"https:\/\/virgulophile.fr\/wp-content\/uploads\/2019\/01\/pawel-czerwinski-784154-unsplash.jpg\",\"width\":5999,\"height\":4000},{\"@type\":\"WebPage\",\"@id\":\"http:\/\/virgulophile.fr\/?page_id=49#webpage\",\"url\":\"http:\/\/virgulophile.fr\/?page_id=49\",\"name\":\"Contact -\",\"isPartOf\":{\"@id\":\"https:\/\/virgulophile.fr\/#website\"},\"primaryImageOfPage\":{\"@id\":\"http:\/\/virgulophile.fr\/?page_id=49#primaryimage\"},\"datePublished\":\"2019-01-24T09:12:31+00:00\",\"dateModified\":\"2019-05-11T23:29:15+00:00\",\"inLanguage\":\"fr-FR\",\"potentialAction\":[{\"@type\":\"ReadAction\",\"target\":[\"http:\/\/virgulophile.fr\/?page_id=49\"]}]}]}<\/script>\n<!-- \/ Yoast SEO plugin. -->","_links":{"self":[{"href":"https:\/\/virgulophile.fr\/index.php?rest_route=\/wp\/v2\/pages\/49"}],"collection":[{"href":"https:\/\/virgulophile.fr\/index.php?rest_route=\/wp\/v2\/pages"}],"about":[{"href":"https:\/\/virgulophile.fr\/index.php?rest_route=\/wp\/v2\/types\/page"}],"author":[{"embeddable":true,"href":"https:\/\/virgulophile.fr\/index.php?rest_route=\/wp\/v2\/users\/1"}],"replies":[{"embeddable":true,"href":"https:\/\/virgulophile.fr\/index.php?rest_route=%2Fwp%2Fv2%2Fcomments&post=49"}],"version-history":[{"count":11,"href":"https:\/\/virgulophile.fr\/index.php?rest_route=\/wp\/v2\/pages\/49\/revisions"}],"predecessor-version":[{"id":698,"href":"https:\/\/virgulophile.fr\/index.php?rest_route=\/wp\/v2\/pages\/49\/revisions\/698"}],"wp:featuredmedia":[{"embeddable":true,"href":"https:\/\/virgulophile.fr\/index.php?rest_route=\/wp\/v2\/media\/131"}],"wp:attachment":[{"href":"https:\/\/virgulophile.fr\/index.php?rest_route=%2Fwp%2Fv2%2Fmedia&parent=49"}],"curies":[{"name":"wp","href":"https:\/\/api.w.org\/{rel}","templated":true}]}}