{"id":65,"date":"2019-01-24T10:57:08","date_gmt":"2019-01-24T09:57:08","guid":{"rendered":"http:\/\/virgulophile.fr\/?page_id=65"},"modified":"2019-05-12T00:56:06","modified_gmt":"2019-05-11T22:56:06","slug":"conditions-generales-de-vente","status":"publish","type":"page","link":"https:\/\/virgulophile.fr\/?page_id=65","title":{"rendered":"Conditions G\u00e9n\u00e9rales de Vente"},"content":{"rendered":"\n<p class=\"has-text-color has-background has-normal-font-size has-white-color has-background-color-background-color\"><strong>Pr\u00e9ambule <\/strong><br>Les pr\u00e9sentes Conditions G\u00e9n\u00e9rales de Vente d\u00e9finissent les relations commerciales entre Virgulophile et ses Clients. Elles peuvent \u00eatre modifi\u00e9es \u00e0 tout moment, sans pr\u00e9avis. Tout devis sign\u00e9 vaut acceptation sans r\u00e9serve desdites conditions.<br> <br><strong>Article 1 : Devis <\/strong><br>Toute demande de devis peut se faire par mail ou par t\u00e9l\u00e9phone, et sera r\u00e9alis\u00e9e gratuitement. Virgulophile \u00e9tablira un devis en fonction des \u00e9l\u00e9ments fournis par le Client et de ses attentes, dans les meilleurs d\u00e9lais.  Les tarifs indiqu\u00e9s sur le site sont des tarifs de base donn\u00e9s \u00e0 titre indicatif, et sont susceptibles de varier en fonction de la difficult\u00e9 de la t\u00e2che et de l&#8217;urgence de la commande.<br> <br><strong>Article 2 : Commande  <\/strong><br>Tout devis sign\u00e9 vaut acceptation pleine et enti\u00e8re des CGV. La date de d\u00e9but de prestation correspond, si aucune date n&#8217;a pu \u00eatre fix\u00e9e au pr\u00e9alable, \u00e0 la r\u00e9ception par Virgulophile des documents \u00e0 traiter. <br> <br><strong>Article 3 : Facturation <\/strong><br>Toute r\u00e9alisation donnera lieu \u00e0 l&#8217;\u00e9tablissement d&#8217;une facture, envoy\u00e9e au Client par mail ou voie postale \u00e0 l&#8217;issue de la r\u00e9alisation de la relecture\/correction.  <br>TVA non applicable, article 293 B du Code g\u00e9n\u00e9ral des imp\u00f4ts .<br> <br><strong>Article 4 : Paiement <\/strong><br>Le paiement de la r\u00e9alisation sera effectu\u00e9 par le Client dans les 30 jours suivant r\u00e9ception de la facture, sauf accord pr\u00e9alable entre Virgulophile et le Client. Il s&#8217;effectuera par ch\u00e8que ou par virement.  <br> <br><strong>Article 5 : R\u00e9clamations <\/strong><br>Toute r\u00e9clamation sera faite dans les 7 jours suivant l&#8217;envoi du document par Virgulophile. <br> <br><strong>Article 6 : Force majeure <\/strong><br>L&#8217;ex\u00e9cution des obligations de Virgulophile au terme des pr\u00e9sentes est suspendue en cas de survenance d&#8217;un cas de force majeure en emp\u00eachant la r\u00e9alisation. Virgulophile avisera le Client dans les plus brefs d\u00e9lais, si un tel cas se pr\u00e9sentait. <br> <br><strong>Article 7 : Confidentialit\u00e9<\/strong><br>Virgulophile assure au Client la plus grande confidentialit\u00e9 concernant les documents trait\u00e9s, ainsi que les informations qui y sont contenues. L&#8217;entreprise place l&#8217;int\u00e9r\u00eat du Client avant tout, et garantit \u00e9galement la confidentialit\u00e9 des \u00e9changes entre elle et le Client.  <br><br><strong>Article 8 : \u00c9thique et d\u00e9ontologie<\/strong><br>Virgulophile se r\u00e9serve le droit de refuser de traiter tout texte dont le contenu serait contraire \u00e0 la loi et \u00e0 son \u00e9thique (documents \u00e0 caract\u00e8re ouvertement diffamatoire, raciste, homophobe, etc.) S&#8217;il appara\u00eet en cours de correction que tout ou partie du document rel\u00e8ve d&#8217;un plagiat manifeste, Virgulophile se r\u00e9serve le droit de proposer au Client une prestation de r\u00e9\u00e9criture, pour laquelle un avenant \u00e0 tarif major\u00e9 sera \u00e9tabli. \u00c0 d\u00e9faut d&#8217;acceptation de cette prestation par le Client, Virgulophile se r\u00e9serve le droit, pour des questions d&#8217;\u00e9thique, de mettre fin \u00e0 la prestation de correction, les sommes dues au prorata du travail d\u00e9j\u00e0 r\u00e9alis\u00e9 restant dues.<\/p>\n\n\n\n<p style=\"font-size:1px\">Article 1 : Tarifs <br>Les tarifs appliqu\u00e9s aux prestations de relecture et correction, indiqu\u00e9s sur le site internet de Virgulophile \u00e0 la rubrique Tarifs, sont indicatifs. En effet, en fonction des d\u00e9lais impartis, de l&#8217;importance des modifications \u00e0 apporter au document ou des demandes du Client, le prix de certaines prestations peut \u00eatre r\u00e9\u00e9valu\u00e9.  Afin de conna\u00eetre le prix effectif d&#8217;une prestation, il appartient au Client de demander un devis, en contactant Virgulophile par mail ou t\u00e9l\u00e9phone.<\/p>\n","protected":false},"excerpt":{"rendered":"<p>Pr\u00e9ambule Les pr\u00e9sentes Conditions G\u00e9n\u00e9rales de Vente d\u00e9finissent les relations commerciales entre Virgulophile et ses Clients. Elles peuvent \u00eatre modifi\u00e9es \u00e0 tout moment, sans pr\u00e9avis. Tout devis sign\u00e9 vaut acceptation sans r\u00e9serve desdites conditions. Article 1 : Devis Toute demande de devis peut se faire par mail ou par t\u00e9l\u00e9phone, [&hellip;]<\/p>\n","protected":false},"author":1,"featured_media":0,"parent":0,"menu_order":0,"comment_status":"closed","ping_status":"closed","template":"","meta":{"footnotes":""},"yoast_head":"<!-- This site is optimized with the Yoast SEO plugin v14.4.1 - https:\/\/yoast.com\/wordpress\/plugins\/seo\/ -->\n<title>Conditions G\u00e9n\u00e9rales de Vente -<\/title>\n<meta name=\"robots\" content=\"index, follow\" \/>\n<meta name=\"googlebot\" content=\"index, follow, max-snippet:-1, max-image-preview:large, max-video-preview:-1\" \/>\n<meta name=\"bingbot\" content=\"index, follow, max-snippet:-1, max-image-preview:large, max-video-preview:-1\" \/>\n<link rel=\"canonical\" href=\"http:\/\/virgulophile.fr\/?page_id=65\" \/>\n<meta property=\"og:locale\" content=\"fr_FR\" \/>\n<meta property=\"og:type\" content=\"article\" \/>\n<meta property=\"og:title\" content=\"Conditions G\u00e9n\u00e9rales de Vente -\" \/>\n<meta property=\"og:description\" content=\"Pr\u00e9ambule Les pr\u00e9sentes Conditions G\u00e9n\u00e9rales de Vente d\u00e9finissent les relations commerciales entre Virgulophile et ses Clients. Elles peuvent \u00eatre modifi\u00e9es \u00e0 tout moment, sans pr\u00e9avis. Tout devis sign\u00e9 vaut acceptation sans r\u00e9serve desdites conditions. Article 1 : Devis Toute demande de devis peut se faire par mail ou par t\u00e9l\u00e9phone, [&hellip;]\" \/>\n<meta property=\"og:url\" content=\"http:\/\/virgulophile.fr\/?page_id=65\" \/>\n<meta property=\"article:modified_time\" content=\"2019-05-11T22:56:06+00:00\" \/>\n<meta name=\"twitter:card\" content=\"summary_large_image\" \/>\n<script type=\"application\/ld+json\" class=\"yoast-schema-graph\">{\"@context\":\"https:\/\/schema.org\",\"@graph\":[{\"@type\":\"WebSite\",\"@id\":\"https:\/\/virgulophile.fr\/#website\",\"url\":\"https:\/\/virgulophile.fr\/\",\"name\":\"\",\"description\":\"Relecture et correction\",\"potentialAction\":[{\"@type\":\"SearchAction\",\"target\":\"https:\/\/virgulophile.fr\/?s={search_term_string}\",\"query-input\":\"required name=search_term_string\"}],\"inLanguage\":\"fr-FR\"},{\"@type\":\"WebPage\",\"@id\":\"http:\/\/virgulophile.fr\/?page_id=65#webpage\",\"url\":\"http:\/\/virgulophile.fr\/?page_id=65\",\"name\":\"Conditions G\\u00e9n\\u00e9rales de Vente -\",\"isPartOf\":{\"@id\":\"https:\/\/virgulophile.fr\/#website\"},\"datePublished\":\"2019-01-24T09:57:08+00:00\",\"dateModified\":\"2019-05-11T22:56:06+00:00\",\"inLanguage\":\"fr-FR\",\"potentialAction\":[{\"@type\":\"ReadAction\",\"target\":[\"http:\/\/virgulophile.fr\/?page_id=65\"]}]}]}<\/script>\n<!-- \/ Yoast SEO plugin. -->","_links":{"self":[{"href":"https:\/\/virgulophile.fr\/index.php?rest_route=\/wp\/v2\/pages\/65"}],"collection":[{"href":"https:\/\/virgulophile.fr\/index.php?rest_route=\/wp\/v2\/pages"}],"about":[{"href":"https:\/\/virgulophile.fr\/index.php?rest_route=\/wp\/v2\/types\/page"}],"author":[{"embeddable":true,"href":"https:\/\/virgulophile.fr\/index.php?rest_route=\/wp\/v2\/users\/1"}],"replies":[{"embeddable":true,"href":"https:\/\/virgulophile.fr\/index.php?rest_route=%2Fwp%2Fv2%2Fcomments&post=65"}],"version-history":[{"count":7,"href":"https:\/\/virgulophile.fr\/index.php?rest_route=\/wp\/v2\/pages\/65\/revisions"}],"predecessor-version":[{"id":696,"href":"https:\/\/virgulophile.fr\/index.php?rest_route=\/wp\/v2\/pages\/65\/revisions\/696"}],"wp:attachment":[{"href":"https:\/\/virgulophile.fr\/index.php?rest_route=%2Fwp%2Fv2%2Fmedia&parent=65"}],"curies":[{"name":"wp","href":"https:\/\/api.w.org\/{rel}","templated":true}]}}