{"id":84,"date":"2019-01-25T16:51:49","date_gmt":"2019-01-25T15:51:49","guid":{"rendered":"http:\/\/virgulophile.fr\/?page_id=84"},"modified":"2019-05-16T17:33:50","modified_gmt":"2019-05-16T15:33:50","slug":"entreprises-maisons-dedition-collectivites-locales-associations-etc","status":"publish","type":"page","link":"https:\/\/virgulophile.fr\/?page_id=84","title":{"rendered":"Entreprises, maisons d&#8217;\u00e9dition, collectivit\u00e9s locales, associations, etc."},"content":{"rendered":"\n<p class=\"has-text-color has-background has-white-color has-background-color-background-color\">Vous souhaitez une relecture\/correction d&#8217;une plaquette commerciale ou d&#8217;une publicit\u00e9 pour votre entreprise ? Virgulophile vous propose ses services, pour mettre en avant le s\u00e9rieux de votre entreprise.<\/p>\n\n\n\n<p class=\"has-text-color has-background has-white-color has-background-color-background-color\">Collectivit\u00e9s locales, n&#8217;h\u00e9sitez pas \u00e0 nous contacter pour la relecture de vos comptes rendus de conseils, r\u00e9unions, ou autres.<br><\/p>\n\n\n\n<p class=\"has-text-color has-background has-white-color has-background-color-background-color\">Virgulophile propose \u00e9galement aux maisons d&#8217;\u00e9dition des formules de correction simple, de correction avec reformulation et de r\u00e9\u00e9criture, en lien avec les auteurs des ouvrages (nombre de navettes illimit\u00e9). <\/p>\n","protected":false},"excerpt":{"rendered":"<p>Vous souhaitez une relecture\/correction d&#8217;une plaquette commerciale ou d&#8217;une publicit\u00e9 pour votre entreprise ? Virgulophile vous propose ses services, pour mettre en avant le s\u00e9rieux de votre entreprise. Collectivit\u00e9s locales, n&#8217;h\u00e9sitez pas \u00e0 nous contacter pour la relecture de vos comptes rendus de conseils, r\u00e9unions, ou autres. Virgulophile propose \u00e9galement [&hellip;]<\/p>\n","protected":false},"author":1,"featured_media":0,"parent":0,"menu_order":0,"comment_status":"closed","ping_status":"closed","template":"","meta":{"footnotes":""},"yoast_head":"<!-- This site is optimized with the Yoast SEO plugin v14.4.1 - https:\/\/yoast.com\/wordpress\/plugins\/seo\/ -->\n<title>Entreprises, maisons d&#039;\u00e9dition, collectivit\u00e9s locales, associations, etc. -<\/title>\n<meta name=\"robots\" content=\"index, follow\" \/>\n<meta name=\"googlebot\" content=\"index, follow, max-snippet:-1, max-image-preview:large, max-video-preview:-1\" \/>\n<meta name=\"bingbot\" content=\"index, follow, max-snippet:-1, max-image-preview:large, max-video-preview:-1\" \/>\n<link rel=\"canonical\" href=\"http:\/\/virgulophile.fr\/?page_id=84\" \/>\n<meta property=\"og:locale\" content=\"fr_FR\" \/>\n<meta property=\"og:type\" content=\"article\" \/>\n<meta property=\"og:title\" content=\"Entreprises, maisons d&#039;\u00e9dition, collectivit\u00e9s locales, associations, etc. -\" \/>\n<meta property=\"og:description\" content=\"Vous souhaitez une relecture\/correction d&#8217;une plaquette commerciale ou d&#8217;une publicit\u00e9 pour votre entreprise ? Virgulophile vous propose ses services, pour mettre en avant le s\u00e9rieux de votre entreprise. Collectivit\u00e9s locales, n&#8217;h\u00e9sitez pas \u00e0 nous contacter pour la relecture de vos comptes rendus de conseils, r\u00e9unions, ou autres. Virgulophile propose \u00e9galement [&hellip;]\" \/>\n<meta property=\"og:url\" content=\"http:\/\/virgulophile.fr\/?page_id=84\" \/>\n<meta property=\"article:modified_time\" content=\"2019-05-16T15:33:50+00:00\" \/>\n<meta name=\"twitter:card\" content=\"summary_large_image\" \/>\n<script type=\"application\/ld+json\" class=\"yoast-schema-graph\">{\"@context\":\"https:\/\/schema.org\",\"@graph\":[{\"@type\":\"WebSite\",\"@id\":\"https:\/\/virgulophile.fr\/#website\",\"url\":\"https:\/\/virgulophile.fr\/\",\"name\":\"\",\"description\":\"Relecture et correction\",\"potentialAction\":[{\"@type\":\"SearchAction\",\"target\":\"https:\/\/virgulophile.fr\/?s={search_term_string}\",\"query-input\":\"required name=search_term_string\"}],\"inLanguage\":\"fr-FR\"},{\"@type\":\"WebPage\",\"@id\":\"http:\/\/virgulophile.fr\/?page_id=84#webpage\",\"url\":\"http:\/\/virgulophile.fr\/?page_id=84\",\"name\":\"Entreprises, maisons d'\\u00e9dition, collectivit\\u00e9s locales, associations, etc. -\",\"isPartOf\":{\"@id\":\"https:\/\/virgulophile.fr\/#website\"},\"datePublished\":\"2019-01-25T15:51:49+00:00\",\"dateModified\":\"2019-05-16T15:33:50+00:00\",\"inLanguage\":\"fr-FR\",\"potentialAction\":[{\"@type\":\"ReadAction\",\"target\":[\"http:\/\/virgulophile.fr\/?page_id=84\"]}]}]}<\/script>\n<!-- \/ Yoast SEO plugin. -->","_links":{"self":[{"href":"https:\/\/virgulophile.fr\/index.php?rest_route=\/wp\/v2\/pages\/84"}],"collection":[{"href":"https:\/\/virgulophile.fr\/index.php?rest_route=\/wp\/v2\/pages"}],"about":[{"href":"https:\/\/virgulophile.fr\/index.php?rest_route=\/wp\/v2\/types\/page"}],"author":[{"embeddable":true,"href":"https:\/\/virgulophile.fr\/index.php?rest_route=\/wp\/v2\/users\/1"}],"replies":[{"embeddable":true,"href":"https:\/\/virgulophile.fr\/index.php?rest_route=%2Fwp%2Fv2%2Fcomments&post=84"}],"version-history":[{"count":5,"href":"https:\/\/virgulophile.fr\/index.php?rest_route=\/wp\/v2\/pages\/84\/revisions"}],"predecessor-version":[{"id":781,"href":"https:\/\/virgulophile.fr\/index.php?rest_route=\/wp\/v2\/pages\/84\/revisions\/781"}],"wp:attachment":[{"href":"https:\/\/virgulophile.fr\/index.php?rest_route=%2Fwp%2Fv2%2Fmedia&parent=84"}],"curies":[{"name":"wp","href":"https:\/\/api.w.org\/{rel}","templated":true}]}}